{"id":207,"date":"2025-06-29T22:32:30","date_gmt":"2025-06-29T20:32:30","guid":{"rendered":"http:\/\/samson.el22.vyukaspsbv.cz\/wordpress\/?page_id=207"},"modified":"2025-08-14T12:40:15","modified_gmt":"2025-08-14T10:40:15","slug":"kontakt","status":"publish","type":"page","link":"http:\/\/samson.el22.vyukaspsbv.cz\/wordpress\/index.php\/kontakt\/","title":{"rendered":"Kontakt"},"content":{"rendered":"\t\t<div data-elementor-type=\"wp-page\" data-elementor-id=\"207\" class=\"elementor elementor-207\" data-elementor-post-type=\"page\">\n\t\t\t\t<div class=\"elementor-element elementor-element-02e4cb3 e-flex e-con-boxed wpr-particle-no wpr-jarallax-no wpr-parallax-no wpr-sticky-section-no e-con e-parent\" data-id=\"02e4cb3\" data-element_type=\"container\">\n\t\t\t\t\t<div class=\"e-con-inner\">\n\t\t\t\t<div class=\"elementor-element elementor-element-650932f elementor-widget elementor-widget-html\" data-id=\"650932f\" data-element_type=\"widget\" data-widget_type=\"html.default\">\n\t\t\t\t<div class=\"elementor-widget-container\">\n\t\t\t\t\t<!DOCTYPE html>\r\n<html lang=\"cs\">\r\n<head>\r\n  <meta charset=\"UTF-8\">\r\n  <title>Zav\u0159\u00edt box<\/title>\r\n\r\n  <!-- Google Fonts: Public Sans -->\r\n  <link href=\"https:\/\/fonts.googleapis.com\/css2?family=Public+Sans:wght@300;400;600&display=swap\" rel=\"stylesheet\">\r\n\r\n  <style>\r\n    #custom-close-box-wrapper {\r\n      all: initial;\r\n      font-family: 'Public Sans', sans-serif;\r\n      position: fixed;\r\n      top: 0;\r\n      right: 0;\r\n      z-index: 999999;\r\n    }\r\n\r\n    #custom-close-box {\r\n      width: 160px;  \/* v\u011bt\u0161\u00ed \u0161\u00ed\u0159ka *\/\r\n      height: 100px; \/* v\u011bt\u0161\u00ed v\u00fd\u0161ka *\/\r\n      background-color: white;\r\n      display: flex;\r\n      align-items: center;\r\n      justify-content: center;\r\n      overflow: hidden;\r\n      position: relative;\r\n      font-family: 'Public Sans', sans-serif;\r\n    }\r\n\r\n    #custom-close-box a {\r\n      all: unset;\r\n      width: 100%;\r\n      height: 100%;\r\n      cursor: pointer;\r\n      display: flex;\r\n      align-items: center;\r\n      justify-content: center;\r\n      position: relative;\r\n    }\r\n\r\n    .text-label,\r\n    .icon-label {\r\n      position: absolute;\r\n      transition: all 0.4s ease;\r\n      font-size: 14px;\r\n      font-weight: 500;\r\n      color: #0f0bde;\r\n      display: flex;\r\n      align-items: center;\r\n      justify-content: center;\r\n    }\r\n\r\n    .text-label {\r\n      opacity: 1;\r\n      transform: translateY(0);\r\n    }\r\n\r\n    .icon-label {\r\n      opacity: 0;\r\n      transform: translateY(20px);\r\n    }\r\n\r\n    #custom-close-box a:hover .text-label {\r\n      opacity: 0;\r\n      transform: translateY(-20px);\r\n    }\r\n\r\n    #custom-close-box a:hover .icon-label {\r\n      opacity: 1;\r\n      transform: translateY(0);\r\n    }\r\n\r\n    .icon-label svg {\r\n      width: 20px;\r\n      height: 20px;\r\n      fill: #0f0bde;\r\n    }\r\n\r\n    @media (max-width: 600px) {\r\n      #custom-close-box {\r\n        width: 130px;\r\n        height: 80px;\r\n      }\r\n\r\n      .text-label {\r\n        font-size: 12px;\r\n      }\r\n\r\n      .icon-label svg {\r\n        width: 18px;\r\n        height: 18px;\r\n      }\r\n    }\r\n  <\/style>\r\n<\/head>\r\n<body>\r\n\r\n  <div id=\"custom-close-box-wrapper\">\r\n    <div id=\"custom-close-box\">\r\n      <a href=\"http:\/\/samson.el22.vyukaspsbv.cz\/wordpress\/\">\r\n        <div class=\"text-label\">Zav\u0159\u00edt<\/div>\r\n        <div class=\"icon-label\">\r\n          <svg viewBox=\"0 0 24 24\">\r\n            <path d=\"M18 6L6 18M6 6l12 12\" stroke=\"#0f0bde\" stroke-width=\"2\" stroke-linecap=\"round\" fill=\"none\"\/>\r\n          <\/svg>\r\n        <\/div>\r\n      <\/a>\r\n    <\/div>\r\n  <\/div>\r\n\r\n<\/body>\r\n<\/html>\r\n\t\t\t\t<\/div>\n\t\t\t\t<\/div>\n\t\t<div class=\"elementor-element elementor-element-f1ccf57 e-con-full e-flex wpr-particle-no wpr-jarallax-no wpr-parallax-no wpr-sticky-section-no e-con e-child\" data-id=\"f1ccf57\" data-element_type=\"container\">\n\t\t\t\t<div class=\"elementor-element elementor-element-d3af37d e-transform vertical-menu-logo elementor-widget elementor-widget-image\" data-id=\"d3af37d\" data-element_type=\"widget\" data-settings=\"{&quot;_transform_scale_effect&quot;:{&quot;unit&quot;:&quot;px&quot;,&quot;size&quot;:0.40000000000000002,&quot;sizes&quot;:[]},&quot;_transform_scale_effect_laptop&quot;:{&quot;unit&quot;:&quot;px&quot;,&quot;size&quot;:&quot;&quot;,&quot;sizes&quot;:[]},&quot;_transform_scale_effect_tablet&quot;:{&quot;unit&quot;:&quot;px&quot;,&quot;size&quot;:&quot;&quot;,&quot;sizes&quot;:[]},&quot;_transform_scale_effect_mobile&quot;:{&quot;unit&quot;:&quot;px&quot;,&quot;size&quot;:&quot;&quot;,&quot;sizes&quot;:[]}}\" data-widget_type=\"image.default\">\n\t\t\t\t<div class=\"elementor-widget-container\">\n\t\t\t\t\t\t\t\t\t\t\t\t\t\t\t<img fetchpriority=\"high\" decoding=\"async\" width=\"1141\" height=\"286\" src=\"http:\/\/samson.el22.vyukaspsbv.cz\/wordpress\/wp-content\/uploads\/2025\/04\/SAMSON.png\" class=\"attachment-full size-full wp-image-17\" alt=\"\" srcset=\"http:\/\/samson.el22.vyukaspsbv.cz\/wordpress\/wp-content\/uploads\/2025\/04\/SAMSON.png 1141w, http:\/\/samson.el22.vyukaspsbv.cz\/wordpress\/wp-content\/uploads\/2025\/04\/SAMSON-300x75.png 300w, http:\/\/samson.el22.vyukaspsbv.cz\/wordpress\/wp-content\/uploads\/2025\/04\/SAMSON-1024x257.png 1024w, http:\/\/samson.el22.vyukaspsbv.cz\/wordpress\/wp-content\/uploads\/2025\/04\/SAMSON-768x193.png 768w\" sizes=\"(max-width: 1141px) 100vw, 1141px\" \/>\t\t\t\t\t\t\t\t\t\t\t\t\t\t\t<\/div>\n\t\t\t\t<\/div>\n\t\t\t\t<\/div>\n\t\t\t\t\t<\/div>\n\t\t\t\t<\/div>\n\t\t<div class=\"elementor-element elementor-element-18a79c7 e-flex e-con-boxed wpr-particle-no wpr-jarallax-no wpr-parallax-no wpr-sticky-section-no e-con e-parent\" data-id=\"18a79c7\" data-element_type=\"container\">\n\t\t\t\t\t<div class=\"e-con-inner\">\n\t\t\t\t<div class=\"elementor-element elementor-element-d53f905 kontakt elementor-widget elementor-widget-html\" data-id=\"d53f905\" data-element_type=\"widget\" data-widget_type=\"html.default\">\n\t\t\t\t<div class=\"elementor-widget-container\">\n\t\t\t\t\t<!DOCTYPE html>\r\n<html lang=\"cs\" class=\"kontakt\">\r\n<head>\r\n<meta charset=\"UTF-8\" \/>\r\n<meta name=\"viewport\" content=\"width=device-width, initial-scale=1.0\" \/>\r\n<title>Kontaktuj m\u011b<\/title>\r\n<script src=\"https:\/\/kit.fontawesome.com\/0b8f62b451.js\" crossorigin=\"anonymous\"><\/script>\r\n<style>\r\n:root{\r\n  --fg:#fff;\r\n  --muted:rgba(255,255,255,.72);\r\n  --line:rgba(255,255,255,.72);\r\n  --max:1200px;\r\n  --gutter:min(5vw,72px);\r\n}\r\n\r\n*{box-sizing:border-box}\r\nhtml,body{\r\n  margin:0;\r\n  background:var(--bg);\r\n  color:var(--fg);\r\n  font-family:'Public Sans',sans-serif;\r\n  -webkit-font-smoothing:antialiased;\r\n  -moz-osx-font-smoothing:grayscale;\r\n}\r\n\r\nbody{\r\n  padding: min(7vh,84px) var(--gutter);\r\n}\r\n\r\n.headline{\r\n  font-family:'Neue Machina',sans-serif;\r\n  font-weight:300;\r\n  font-size: clamp(32px, 7.2vw, 110px);\r\n  line-height:.98;\r\n  letter-spacing:-.01em;\r\n  margin:0 0 4.5vh 0;\r\n  max-width:var(--max);\r\n  text-wrap:balance;\r\n}\r\n\r\n.grid{\r\n  display:grid;\r\n  grid-template-columns: repeat(2, minmax(230px, 1fr));\r\n  column-gap: clamp(24px, 5vw, 72px);\r\n  row-gap: clamp(20px, 4vh, 48px);\r\n  align-items:start;\r\n  max-width:var(--max);\r\n}\r\n\r\n.contact-block{\r\n  display:flex;\r\n  flex-direction:column;\r\n  gap:.45rem;\r\n  min-width:220px;\r\n}\r\n\r\n.contact-block h4{\r\n  margin:0;\r\n  font-size:.88rem;\r\n  font-weight:300;\r\n  color:var(--muted);\r\n  letter-spacing:.01em;\r\n}\r\n\r\n.contact-link{\r\n  position:relative;\r\n  display:inline-block;\r\n  text-decoration:none;\r\n  color:var(--fg);\r\n  font-weight:300;\r\n  font-size: clamp(15px, 1.25vw, 20px);\r\n  padding-bottom:6px;\r\n  transition:transform .18s ease, color .18s ease;\r\n}\r\n\r\n.contact-link::after{\r\n  content:\"\";\r\n  position:absolute;\r\n  left:0; right:0; bottom:0;\r\n  height:1px;\r\n  background:var(--line);\r\n  transform-origin:left;\r\n  transform:scaleX(1);\r\n  transition:background .18s ease, transform .22s ease;\r\n}\r\n\r\n.contact-link:hover,\r\n.contact-link:focus{\r\n  color:#fff;\r\n  transform:translateY(-2px);\r\n}\r\n.contact-link:hover::after,\r\n.contact-link:focus::after{\r\n  background:#fff;\r\n  transform:scaleX(1.02);\r\n}\r\n\r\n.contact-link:focus-visible{\r\n  outline:2px solid #fff;\r\n  outline-offset:3px;\r\n  border-radius:2px;\r\n}\r\n\r\n.social-icons{\r\n  display:flex;\r\n  gap:1rem;\r\n  margin-top:.85rem;\r\n}\r\n.social-icons a{\r\n  font-size:1.15rem;\r\n  color:var(--fg);\r\n  text-decoration:none;\r\n  opacity:.9;\r\n  transition:transform .18s ease, opacity .18s ease, color .18s ease;\r\n}\r\n.social-icons a:hover,\r\n.social-icons a:focus{\r\n  transform:scale(1.08);\r\n  opacity:1;\r\n  color:#fff;\r\n}\r\n\r\n@media (prefers-reduced-motion:reduce){\r\n  .contact-link,\r\n  .contact-link::after,\r\n  .social-icons a{ transition:none }\r\n}\r\n\r\n@media (max-width: 980px){\r\n  .grid{\r\n    grid-template-columns:1fr;\r\n    row-gap:40px;\r\n  }\r\n}\r\n\r\n@media (max-width: 640px){\r\n  body{ padding: 6.5vh var(--gutter); }\r\n  .headline{\r\n    font-size: clamp(30px, 10.5vw, 84px);\r\n    margin-bottom: 4vh;\r\n  }\r\n  .contact-link{\r\n    font-size: clamp(14px, 4.2vw, 18px);\r\n    padding-bottom:5px;\r\n  }\r\n  .social-icons a{ font-size:1.05rem; }\r\n}\r\n<\/style>\r\n\r\n\r\n<\/head>\r\n<body>\r\n<div class=\"headline\">\r\n    Kontaktuj m\u011b<br>a spojme s\u00edly.\r\n<\/div>\r\n\r\n<div class=\"grid\">\r\n    <div class=\"contact-block\">\r\n        <h4>Napi\u0161 mi<\/h4>\r\n        <a href=\"mailto:robin.samsonzs@gmail.com\" class=\"contact-link\">robin.samsonzs@gmail.com<\/a>\r\n    <\/div>\r\n\r\n    <div class=\"contact-block\">\r\n        <h4>Zavolej mi<\/h4>\r\n        <a href=\"tel:+420603567368\" class=\"contact-link\">+420 603 567 368<\/a>\r\n    <\/div>\r\n\r\n   <div class=\"contact-block\">\r\n        <h4>Sleduj m\u011b<\/h4>\r\n        <div class=\"social-icons\">\r\n            <a href=\"https:\/\/www.instagram.com\/robin.samson_\/\" target=\"_blank\"><i class=\"fab fa-instagram\"><\/i><\/a>\r\n            <a href=\"https:\/\/www.facebook.com\/robin.samson.9887\/?locale=cs_CZ\" target=\"_blank\"><i class=\"fab fa-facebook-f\"><\/i><\/a>\r\n        <\/div>\r\n    <\/div> \r\n<\/body>\r\n<\/html>\r\n\t\t\t\t<\/div>\n\t\t\t\t<\/div>\n\t\t\t\t\t<\/div>\n\t\t\t\t<\/div>\n\t\t\t\t<\/div>\n\t\t","protected":false},"excerpt":{"rendered":"<p>Zav\u0159\u00edt box Zav\u0159\u00edt Kontaktuj m\u011b Kontaktuj m\u011ba spojme s\u00edly. Napi\u0161 mi robin.samsonzs@gmail.com Zavolej mi +420 603 567 368 Sleduj m\u011b<\/p>\n","protected":false},"author":1,"featured_media":0,"parent":0,"menu_order":0,"comment_status":"closed","ping_status":"closed","template":"","meta":{"footnotes":""},"class_list":["post-207","page","type-page","status-publish","hentry"],"_links":{"self":[{"href":"http:\/\/samson.el22.vyukaspsbv.cz\/wordpress\/index.php\/wp-json\/wp\/v2\/pages\/207","targetHints":{"allow":["GET"]}}],"collection":[{"href":"http:\/\/samson.el22.vyukaspsbv.cz\/wordpress\/index.php\/wp-json\/wp\/v2\/pages"}],"about":[{"href":"http:\/\/samson.el22.vyukaspsbv.cz\/wordpress\/index.php\/wp-json\/wp\/v2\/types\/page"}],"author":[{"embeddable":true,"href":"http:\/\/samson.el22.vyukaspsbv.cz\/wordpress\/index.php\/wp-json\/wp\/v2\/users\/1"}],"replies":[{"embeddable":true,"href":"http:\/\/samson.el22.vyukaspsbv.cz\/wordpress\/index.php\/wp-json\/wp\/v2\/comments?post=207"}],"version-history":[{"count":157,"href":"http:\/\/samson.el22.vyukaspsbv.cz\/wordpress\/index.php\/wp-json\/wp\/v2\/pages\/207\/revisions"}],"predecessor-version":[{"id":450,"href":"http:\/\/samson.el22.vyukaspsbv.cz\/wordpress\/index.php\/wp-json\/wp\/v2\/pages\/207\/revisions\/450"}],"wp:attachment":[{"href":"http:\/\/samson.el22.vyukaspsbv.cz\/wordpress\/index.php\/wp-json\/wp\/v2\/media?parent=207"}],"curies":[{"name":"wp","href":"https:\/\/api.w.org\/{rel}","templated":true}]}}